{"id":43,"date":"2020-11-19T13:36:36","date_gmt":"2020-11-19T13:36:36","guid":{"rendered":"https:\/\/duesternort.de\/?page_id=43"},"modified":"2025-06-16T11:30:13","modified_gmt":"2025-06-16T11:30:13","slug":"aerztliche-versorgung-in-duesternort","status":"publish","type":"page","link":"https:\/\/duesternort.de\/index.php\/aerztliche-versorgung-in-duesternort\/","title":{"rendered":"\u00c4rztliche Versorgung in D\u00fcsternort"},"content":{"rendered":"\n<div class=\"wp-block-media-text alignwide has-media-on-the-right is-stacked-on-mobile is-image-fill-element\" style=\"grid-template-columns:auto 31%\"><div class=\"wp-block-media-text__content\">\n<p><strong>Dr. Mariana Dinescu<\/strong><br>D\u00fcsternortstra\u00dfe 114, 27755 Delmenhorst<br>Tel.: 04221 6391<br><em>Sprechzeiten: Montag bis Freitag 08:00 &#8211; 12:00 Uhr<br>Montag, Dienstag und Donnerstag 16:00 &#8211; 18:00 Uhr<\/em><\/p>\n<\/div><figure class=\"wp-block-media-text__media\"><img loading=\"lazy\" decoding=\"async\" width=\"500\" height=\"500\" src=\"https:\/\/duesternort.de\/wp-content\/uploads\/2020\/12\/platzhalter.png\" alt=\"\" class=\"wp-image-341 size-full\" style=\"object-position:50% 50%\" srcset=\"https:\/\/duesternort.de\/wp-content\/uploads\/2020\/12\/platzhalter.png 500w, https:\/\/duesternort.de\/wp-content\/uploads\/2020\/12\/platzhalter-300x300.png 300w, https:\/\/duesternort.de\/wp-content\/uploads\/2020\/12\/platzhalter-150x150.png 150w, https:\/\/duesternort.de\/wp-content\/uploads\/2020\/12\/platzhalter-100x100.png 100w\" sizes=\"auto, (max-width: 500px) 100vw, 500px\" \/><\/figure><\/div>\n\n\n\n<div class=\"wp-block-media-text alignwide has-media-on-the-right is-stacked-on-mobile is-image-fill-element\" style=\"grid-template-columns:auto 33%\"><div class=\"wp-block-media-text__content\">\n<p><strong>Dr. med Ulf Schellenberger<\/strong><br>K\u00f6nigsberger Str. 68, 27755 Delmenhorst<br>Tel.: 04221 6996<br>Fax: 04221 680547<br><em>Sprechzeiten: Montag bis Freitag 08:00 &#8211; 11:30 Uhr<br>Montag und Dienstag 15:00 &#8211; 17:30 Uhr<br>Donnerstag 16:00 &#8211; 18:30 Uhr<\/em><\/p>\n<\/div><figure class=\"wp-block-media-text__media\"><img loading=\"lazy\" decoding=\"async\" width=\"500\" height=\"500\" src=\"https:\/\/duesternort.de\/wp-content\/uploads\/2020\/12\/platzhalter.png\" alt=\"\" class=\"wp-image-341 size-full\" style=\"object-position:50% 50%\" srcset=\"https:\/\/duesternort.de\/wp-content\/uploads\/2020\/12\/platzhalter.png 500w, https:\/\/duesternort.de\/wp-content\/uploads\/2020\/12\/platzhalter-300x300.png 300w, https:\/\/duesternort.de\/wp-content\/uploads\/2020\/12\/platzhalter-150x150.png 150w, https:\/\/duesternort.de\/wp-content\/uploads\/2020\/12\/platzhalter-100x100.png 100w\" sizes=\"auto, (max-width: 500px) 100vw, 500px\" \/><\/figure><\/div>\n\n\n\n<div class=\"wp-block-media-text alignwide has-media-on-the-right is-stacked-on-mobile\" style=\"grid-template-columns:auto 27%\"><div class=\"wp-block-media-text__content\">\n<p><strong>S\u00fcd-Apotheke<\/strong><br>D\u00fcsternortstra\u00dfe 114, 27755 Delmenhorst<br>Tel.: 04221 96630<br>E-Mail: <a href=\"mailto:sued-apotheke-del@t-online.de\">sued-apotheke-del@t-online.de<\/a><br>Homepage: <a rel=\"noreferrer noopener\" href=\"https:\/\/www.sued-apotheke-del.de\/\" target=\"_blank\">https:\/\/www.sued-apotheke-del.de\/<\/a><br><em>\u00d6ffnungszeiten: Montag bis Samstag 08:00 &#8211; 13:00 Uhr<br>Montag bis Freitag 14:00 &#8211; 18:30 Uhr<\/em><\/p>\n<\/div><figure class=\"wp-block-media-text__media\"><img loading=\"lazy\" decoding=\"async\" width=\"1024\" height=\"768\" src=\"https:\/\/duesternort.de\/wp-content\/uploads\/2021\/07\/20210719_094415_resized-1024x768.jpg\" alt=\"\" class=\"wp-image-508 size-full\" srcset=\"https:\/\/duesternort.de\/wp-content\/uploads\/2021\/07\/20210719_094415_resized-1024x768.jpg 1024w, https:\/\/duesternort.de\/wp-content\/uploads\/2021\/07\/20210719_094415_resized-300x225.jpg 300w, https:\/\/duesternort.de\/wp-content\/uploads\/2021\/07\/20210719_094415_resized-768x576.jpg 768w, https:\/\/duesternort.de\/wp-content\/uploads\/2021\/07\/20210719_094415_resized-1536x1152.jpg 1536w, https:\/\/duesternort.de\/wp-content\/uploads\/2021\/07\/20210719_094415_resized-2048x1536.jpg 2048w\" sizes=\"auto, (max-width: 767px) 89vw, (max-width: 1000px) 54vw, (max-width: 1071px) 543px, 580px\" \/><\/figure><\/div>\n\n\n\n<p><\/p>\n","protected":false},"excerpt":{"rendered":"<p>Dr. Mariana DinescuD\u00fcsternortstra\u00dfe 114, 27755 DelmenhorstTel.: 04221 6391Sprechzeiten: Montag bis Freitag 08:00 &#8211; 12:00 UhrMontag, Dienstag und Donnerstag 16:00 &#8211; 18:00 Uhr Dr. med Ulf SchellenbergerK\u00f6nigsberger Str. 68, 27755 DelmenhorstTel.: 04221 6996Fax: 04221 680547Sprechzeiten: Montag bis Freitag 08:00 &#8211; 11:30 UhrMontag und Dienstag 15:00 &#8211; 17:30 UhrDonnerstag 16:00 &#8211; 18:30 Uhr S\u00fcd-ApothekeD\u00fcsternortstra\u00dfe 114, 27755 DelmenhorstTel.: &hellip; <\/p>\n<p class=\"link-more\"><a href=\"https:\/\/duesternort.de\/index.php\/aerztliche-versorgung-in-duesternort\/\" class=\"more-link\"><span class=\"screen-reader-text\">\u201e\u00c4rztliche Versorgung in D\u00fcsternort\u201c<\/span> weiterlesen<\/a><\/p>\n","protected":false},"author":2,"featured_media":0,"parent":0,"menu_order":0,"comment_status":"closed","ping_status":"closed","template":"","meta":{"footnotes":""},"class_list":["post-43","page","type-page","status-publish","hentry"],"_links":{"self":[{"href":"https:\/\/duesternort.de\/index.php\/wp-json\/wp\/v2\/pages\/43","targetHints":{"allow":["GET"]}}],"collection":[{"href":"https:\/\/duesternort.de\/index.php\/wp-json\/wp\/v2\/pages"}],"about":[{"href":"https:\/\/duesternort.de\/index.php\/wp-json\/wp\/v2\/types\/page"}],"author":[{"embeddable":true,"href":"https:\/\/duesternort.de\/index.php\/wp-json\/wp\/v2\/users\/2"}],"replies":[{"embeddable":true,"href":"https:\/\/duesternort.de\/index.php\/wp-json\/wp\/v2\/comments?post=43"}],"version-history":[{"count":20,"href":"https:\/\/duesternort.de\/index.php\/wp-json\/wp\/v2\/pages\/43\/revisions"}],"predecessor-version":[{"id":790,"href":"https:\/\/duesternort.de\/index.php\/wp-json\/wp\/v2\/pages\/43\/revisions\/790"}],"wp:attachment":[{"href":"https:\/\/duesternort.de\/index.php\/wp-json\/wp\/v2\/media?parent=43"}],"curies":[{"name":"wp","href":"https:\/\/api.w.org\/{rel}","templated":true}]}}