{"id":16,"date":"2020-10-21T11:25:58","date_gmt":"2020-10-21T11:25:58","guid":{"rendered":"https:\/\/duesternort.de\/?page_id=16"},"modified":"2020-12-15T14:07:26","modified_gmt":"2020-12-15T14:07:26","slug":"kontakt","status":"publish","type":"page","link":"https:\/\/duesternort.de\/index.php\/kontakt\/","title":{"rendered":"Kontakt zu unserem Nachbarschaftsb\u00fcro"},"content":{"rendered":"\n<p><strong>Das Nachbarschaftsb\u00fcro D\u00fcsternort gibt es bereits seit 1999 und ist somit das \u00e4lteste Nachbarschaftsb\u00fcro in Delmenhorst ist eine Anlaufstelle f\u00fcr Bewohnerinnen und Bewohner des Stadtteils.<\/strong><\/p>\n\n\n\n<p>Knotenpunkt f\u00fcr gemeinsame Aktivit\u00e4ten im Stadtteil\u00a0 und Themen, die den Stadtteil bewegen.<\/p>\n\n\n\n<div style=\"height:17px\" aria-hidden=\"true\" class=\"wp-block-spacer\"><\/div>\n\n\n\n<p><strong>Bei Fragen und Erg\u00e4nzungen kann gerne das Kontaktformular ausgef\u00fcllt werden.<\/strong><\/p>\n\n\n\n<div class=\"wp-block-contact-form-7-contact-form-selector\">\n<div class=\"wpcf7 no-js\" id=\"wpcf7-f23-o1\" lang=\"de-DE\" dir=\"ltr\" data-wpcf7-id=\"23\">\n<div class=\"screen-reader-response\"><p role=\"status\" aria-live=\"polite\" aria-atomic=\"true\"><\/p> <ul><\/ul><\/div>\n<form action=\"\/index.php\/wp-json\/wp\/v2\/pages\/16#wpcf7-f23-o1\" method=\"post\" class=\"wpcf7-form init\" aria-label=\"Kontaktformular\" novalidate=\"novalidate\" data-status=\"init\">\n<fieldset class=\"hidden-fields-container\"><input type=\"hidden\" name=\"_wpcf7\" value=\"23\" \/><input type=\"hidden\" name=\"_wpcf7_version\" value=\"6.1.6\" \/><input type=\"hidden\" name=\"_wpcf7_locale\" value=\"de_DE\" \/><input type=\"hidden\" name=\"_wpcf7_unit_tag\" value=\"wpcf7-f23-o1\" \/><input type=\"hidden\" name=\"_wpcf7_container_post\" value=\"0\" \/><input type=\"hidden\" name=\"_wpcf7_posted_data_hash\" value=\"\" \/>\n<\/fieldset>\n<p><label> Dein Name<br \/>\n<span class=\"wpcf7-form-control-wrap\" data-name=\"your-name\"><input size=\"40\" maxlength=\"400\" class=\"wpcf7-form-control wpcf7-text wpcf7-validates-as-required\" aria-required=\"true\" aria-invalid=\"false\" value=\"\" type=\"text\" name=\"your-name\" \/><\/span> <\/label>\n<\/p>\n<p><label> Deine E-Mail Adresse<br \/>\n<span class=\"wpcf7-form-control-wrap\" data-name=\"your-email\"><input size=\"40\" maxlength=\"400\" class=\"wpcf7-form-control wpcf7-email wpcf7-validates-as-required wpcf7-text wpcf7-validates-as-email\" aria-required=\"true\" aria-invalid=\"false\" value=\"\" type=\"email\" name=\"your-email\" \/><\/span> <\/label>\n<\/p>\n<p><label> Betreff<br \/>\n<span class=\"wpcf7-form-control-wrap\" data-name=\"your-subject\"><input size=\"40\" maxlength=\"400\" class=\"wpcf7-form-control wpcf7-text wpcf7-validates-as-required\" aria-required=\"true\" aria-invalid=\"false\" value=\"\" type=\"text\" name=\"your-subject\" \/><\/span> <\/label>\n<\/p>\n<p><label> Nachricht<br \/>\n<span class=\"wpcf7-form-control-wrap\" data-name=\"your-message\"><textarea cols=\"40\" rows=\"10\" maxlength=\"2000\" class=\"wpcf7-form-control wpcf7-textarea\" aria-invalid=\"false\" name=\"your-message\"><\/textarea><\/span> <\/label>\n<\/p>\n<p><input class=\"wpcf7-form-control wpcf7-submit has-spinner\" type=\"submit\" value=\"Abschicken\" \/>\n<\/p><div class=\"wpcf7-response-output\" aria-hidden=\"true\"><\/div>\n<\/form>\n<\/div>\n<\/div>\n\n\n\n<p><\/p>\n","protected":false},"excerpt":{"rendered":"<p>Das Nachbarschaftsb\u00fcro D\u00fcsternort gibt es bereits seit 1999 und ist somit das \u00e4lteste Nachbarschaftsb\u00fcro in Delmenhorst ist eine Anlaufstelle f\u00fcr Bewohnerinnen und Bewohner des Stadtteils. Knotenpunkt f\u00fcr gemeinsame Aktivit\u00e4ten im Stadtteil\u00a0 und Themen, die den Stadtteil bewegen. Bei Fragen und Erg\u00e4nzungen kann gerne das Kontaktformular ausgef\u00fcllt werden.<\/p>\n","protected":false},"author":1,"featured_media":259,"parent":0,"menu_order":0,"comment_status":"closed","ping_status":"closed","template":"","meta":{"footnotes":""},"class_list":["post-16","page","type-page","status-publish","has-post-thumbnail","hentry"],"_links":{"self":[{"href":"https:\/\/duesternort.de\/index.php\/wp-json\/wp\/v2\/pages\/16","targetHints":{"allow":["GET"]}}],"collection":[{"href":"https:\/\/duesternort.de\/index.php\/wp-json\/wp\/v2\/pages"}],"about":[{"href":"https:\/\/duesternort.de\/index.php\/wp-json\/wp\/v2\/types\/page"}],"author":[{"embeddable":true,"href":"https:\/\/duesternort.de\/index.php\/wp-json\/wp\/v2\/users\/1"}],"replies":[{"embeddable":true,"href":"https:\/\/duesternort.de\/index.php\/wp-json\/wp\/v2\/comments?post=16"}],"version-history":[{"count":17,"href":"https:\/\/duesternort.de\/index.php\/wp-json\/wp\/v2\/pages\/16\/revisions"}],"predecessor-version":[{"id":270,"href":"https:\/\/duesternort.de\/index.php\/wp-json\/wp\/v2\/pages\/16\/revisions\/270"}],"wp:featuredmedia":[{"embeddable":true,"href":"https:\/\/duesternort.de\/index.php\/wp-json\/wp\/v2\/media\/259"}],"wp:attachment":[{"href":"https:\/\/duesternort.de\/index.php\/wp-json\/wp\/v2\/media?parent=16"}],"curies":[{"name":"wp","href":"https:\/\/api.w.org\/{rel}","templated":true}]}}